{"id":38776,"date":"2023-03-06T16:51:32","date_gmt":"2023-03-06T19:51:32","guid":{"rendered":"https:\/\/www.tembici.com.br\/?page_id=38776"},"modified":"2023-03-07T18:20:42","modified_gmt":"2023-03-07T21:20:42","slug":"regulamento-coldplay","status":"publish","type":"page","link":"https:\/\/www.tembici.com.br\/pt\/regulamento-coldplay\/","title":{"rendered":"Regulamento Coldplay"},"content":{"rendered":"\t\t<div data-elementor-type=\"wp-page\" data-elementor-id=\"38776\" class=\"elementor elementor-38776\" data-elementor-post-type=\"page\">\n\t\t\t\t\t\t<section class=\"elementor-section elementor-top-section elementor-element elementor-element-de9f6e elementor-section-boxed elementor-section-height-default elementor-section-height-default\" data-id=\"de9f6e\" data-element_type=\"section\" data-e-type=\"section\">\n\t\t\t\t\t\t<div class=\"elementor-container elementor-column-gap-default\">\n\t\t\t\t\t<div class=\"elementor-column elementor-col-100 elementor-top-column elementor-element elementor-element-dd913a7\" data-id=\"dd913a7\" data-element_type=\"column\" data-e-type=\"column\">\n\t\t\t<div class=\"elementor-widget-wrap elementor-element-populated\">\n\t\t\t\t\t\t\t<\/div>\n\t\t<\/div>\n\t\t\t\t\t<\/div>\n\t\t<\/section>\n\t\t\t\t<section class=\"elementor-section elementor-top-section elementor-element elementor-element-2c3c859 elementor-section-boxed elementor-section-height-default elementor-section-height-default\" data-id=\"2c3c859\" data-element_type=\"section\" data-e-type=\"section\">\n\t\t\t\t\t\t<div class=\"elementor-container elementor-column-gap-default\">\n\t\t\t\t\t<div class=\"elementor-column elementor-col-100 elementor-top-column elementor-element elementor-element-ba53ca2\" data-id=\"ba53ca2\" data-element_type=\"column\" data-e-type=\"column\">\n\t\t\t<div class=\"elementor-widget-wrap elementor-element-populated\">\n\t\t\t\t\t\t<div class=\"elementor-element elementor-element-2482276 elementor-widget elementor-widget-heading\" data-id=\"2482276\" data-element_type=\"widget\" data-e-type=\"widget\" data-widget_type=\"heading.default\">\n\t\t\t\t<div class=\"elementor-widget-container\">\n\t\t\t\t\t<h1 class=\"elementor-heading-title elementor-size-default\">Regulamento Concurso Cultural \u201cGoing to Coldplay Net Zero\u201d<\/h1>\t\t\t\t<\/div>\n\t\t\t\t<\/div>\n\t\t\t\t\t<\/div>\n\t\t<\/div>\n\t\t\t\t\t<\/div>\n\t\t<\/section>\n\t\t\t\t<section class=\"elementor-section elementor-top-section elementor-element elementor-element-0731ceb elementor-section-boxed elementor-section-height-default elementor-section-height-default\" data-id=\"0731ceb\" data-element_type=\"section\" data-e-type=\"section\">\n\t\t\t\t\t\t<div class=\"elementor-container elementor-column-gap-default\">\n\t\t\t\t\t<div class=\"elementor-column elementor-col-100 elementor-top-column elementor-element elementor-element-1b934f8\" data-id=\"1b934f8\" data-element_type=\"column\" data-e-type=\"column\">\n\t\t\t<div class=\"elementor-widget-wrap elementor-element-populated\">\n\t\t\t\t\t\t<div class=\"elementor-element elementor-element-441354b elementor-widget elementor-widget-text-editor\" data-id=\"441354b\" data-element_type=\"widget\" data-e-type=\"widget\" data-widget_type=\"text-editor.default\">\n\t\t\t\t<div class=\"elementor-widget-container\">\n\t\t\t\t\t\t\t\t\t<p><span style=\"font-weight: 400;\">Este \u00e9 um Concurso Cultural (&#8220;Concurso&#8221;) realizado pela M2 Solu\u00e7\u00f5es em Engenharia LTDA (\u201cTembici\u201d), de car\u00e1ter exclusivamente cultural, n\u00e3o vinculado \u00e0 aquisi\u00e7\u00e3o ou uso de qualquer bem ou direito.<\/span><\/p>\n<p><span style=\"font-weight: 400;\">Leia atentamente todo o conte\u00fado deste regulamento antes de fazer o passo a passo para concorrer e n\u00e3o perca a oportunidade de participar deste Concurso Cultural que selecionar\u00e1 os criadores dos melhores v\u00eddeos para assistir aos Shows do ColdPlay no Brasil (\u201cPr\u00eamio\u201d).&nbsp;<\/span><\/p>\n<p><span style=\"font-weight: 400;\">O objetivo desse concurso \u00e9 identificar conte\u00fados criativos e possibilitar que pessoas (\u201cConcorrentes\u201d) tenham a oportunidade de assistir a um show internacional, observadas as seguintes condi\u00e7\u00f5es:<\/span><\/p>\n<p>1. Qualquer pessoa poder\u00e1 participar do Concurso, mas funcion\u00e1rios, estagi\u00e1rios, aprendizes e prestadores de servi\u00e7os de qualquer empresa do Grupo Tembici n\u00e3o s\u00e3o eleg\u00edveis para concorrer e ganhar os Pr\u00eamios.<\/p>\n<p><span style=\"font-weight: 400;\">2. <\/span>A participa\u00e7\u00e3o neste concurso funciona da seguinte forma:<\/p>\n<p>a) Fa\u00e7a o download do Aplicativo \u201cColdPlay\u201d no seu celular para calcular a pegada de carbono do seu deslocamento at\u00e9 o evento E<\/p>\n<p><span style=\"font-weight: 400;\">b) Grave e publique um v\u00eddeo no feed do seu Instagram com, no m\u00e1ximo, 1 (um) minuto e 30 (trinta) segundos de dura\u00e7\u00e3o, mostrando como voc\u00ea pretende reduzir ou compensar essas emiss\u00f5es de CO2 (g\u00e1s carb\u00f4nico) que o seu deslocamento vai gerar.<\/span><\/p>\n<p><b>No v\u00eddeo, \u00e9 obrigat\u00f3rio dizer <\/b><b>qual show voc\u00ea gostaria de assistir e <\/b><b>usar a hashtag #ColdplayNetZeroBrazil na publica\u00e7\u00e3o a ser feita no seu perfil ABERTO no Instagram.<\/b><b><br><\/b><b><br><\/b><b>Os v\u00eddeos que n\u00e3o seguirem esses passos n\u00e3o ser\u00e3o considerados.<\/b><\/p>\n<p><span style=\"font-weight: 400;\">3. A Embaixada Brit\u00e2nica no Brasil e a Tembici (\u201cComit\u00ea\u201d) v\u00e3o selecionar os 8 vencedores do Concurso.<\/span><\/p>\n<p><span style=\"font-weight: 400;\">4. Os vencedores dever\u00e3o gravar a sua ida at\u00e9 o evento mostrando como cumpriram o seu plano de zerar ou reduzir as emiss\u00f5es de CO2 e publicar o v\u00eddeo no seu Instagram marcando @coldplay, @ukinbrazil e a @tembici.<\/span><\/p>\n<p><b>Importante: sua conta do Instagram deve ser p\u00fablica para que o Comit\u00ea julgador possa avaliar o seu v\u00eddeo. Ao enviar o v\u00eddeo, voc\u00ea concorda com o fato de que ele pode ser compartilhado nas redes sociais dos organizadores (Coldplay, Embaixada Brit\u00e2nica e Tembici) e em outros ve\u00edculos de m\u00eddia e comunica\u00e7\u00e3o com os devidos cr\u00e9ditos aos autores.<\/b><\/p>\n<p><span style=\"font-weight: 400;\">5. Os Concorrentes autores dos melhores v\u00eddeos selecionados pelo comit\u00ea receber\u00e3o os seguintes Pr\u00eamios:<\/span><\/p>\n<p><span style=\"font-weight: 400;\">03 (tr\u00eas) pares de ingressos para o Show de S\u00e3o Paulo (01 par para cada vencedor) OU;<\/span><\/p>\n<p><span style=\"font-weight: 400;\">03 (tr\u00eas) pares de ingressos para o Show do Rio de Janeiro (01 par para cada vencedor) OU ;<\/span><\/p>\n<p><span style=\"font-weight: 400;\">02 ou pares de ingressos para o Show de Curitiba (01 par para cada vencedor);<\/span><\/p>\n<p><span style=\"font-weight: 400;\">E<\/span><\/p>\n<p><span style=\"font-weight: 400;\">01 (um) Plano Anual <\/span><b>(APENAS para vencedores dos shows de S\u00e3o Paulo e Rio de Janeiro)<\/b><span style=\"font-weight: 400;\"> para usar as bicicletas compartilhadas da Tembici em S\u00e3o Paulo ou no Rio de Janeiro. <\/span><b>(Termos e condi\u00e7\u00f5es de uso se aplicam).&nbsp;<\/b><\/p>\n<p><b>Datas dos shows referentes aos Pr\u00eamios<\/b><\/p>\n<ul>\n<li style=\"font-weight: 400;\" aria-level=\"1\"><span style=\"font-weight: 400;\">S\u00e3o Paulo: 17\/03\/2023 ou 18\/03\/2023<\/span><\/li>\n<li style=\"font-weight: 400;\" aria-level=\"1\"><span style=\"font-weight: 400;\">Curitiba: 21\/03\/2023 ou 22\/03\/2023<\/span><\/li>\n<li style=\"font-weight: 400;\" aria-level=\"1\"><span style=\"font-weight: 400;\">Rio de Janeiro: 25\/03\/2023, 26\/03\/2023 or 28\/03\/2023<\/span><\/li>\n<\/ul>\n<p><b>Despesas de viagem, hospedagem, acomoda\u00e7\u00e3o, estacionamento e outros que n\u00e3o estejam expressamente previstos como parte do Pr\u00eamio n\u00e3o ser\u00e3o concedidos por nenhum dos Organizadores. A responsabilidade por esses itens \u00e9 exclusiva dos Concorrentes e\/ou vencedores.<\/b><\/p>\n<p><span style=\"font-weight: 400;\">6. Os vencedores tamb\u00e9m ter\u00e3o acesso ao Energy Zone, local que permite converter a energia dos f\u00e3s, por meio de uma pista de dan\u00e7a cin\u00e9tica e pedaleiras especiais, em energia para alimentar o palco.<br><\/span><\/p>\n<p><span style=\"font-weight: 400;\">7. Cada Concorrente poder\u00e1 concorrer com quantos v\u00eddeos desejar, desde que os conte\u00fados de cada v\u00eddeo sejam diferentes e que possuam a hashtag do Concurso, mas ganhar\u00e1 somente 01 (um) par de ingressos, de modo que, os Concorrentes vencedores ser\u00e3o automaticamente desconsiderados para a sele\u00e7\u00e3o dos demais.<\/span><\/p>\n<p><span style=\"font-weight: 400;\">8. S\u00e3o considerados para o julgamento, os seguintes crit\u00e9rios:&nbsp;<\/span><\/p>\n<p><b>Originalidade:<\/b><span style=\"font-weight: 400;\"> ser\u00e3o avaliados a criatividade e a forma como os candidatos explicam seus planos para compensar suas emiss\u00f5es<\/span><\/p>\n<p><b>Conte\u00fado:<\/b><span style=\"font-weight: 400;\"> ser\u00e1 avaliada a liga\u00e7\u00e3o entre o conte\u00fado dos v\u00eddeos dos concorrentes e os objetivos da iniciativa.&nbsp;<\/span><\/p>\n<p><span style=\"font-weight: 400;\">9. Fases:<\/span><\/p>\n<ul>\n<li style=\"font-weight: 400;\" aria-level=\"1\"><span style=\"font-weight: 400;\">Abertura do concurso e in\u00edcio das postagens: 0h do dia 04 mar\u00e7o de 2023 \u00e0s 23h59min do dia 09 de mar\u00e7o de 2023. <\/span><b>Os v\u00eddeos publicados ap\u00f3s 09\/03\/2023 (ou seja, a partir de 0h de 10\/03\/2023) n\u00e3o ser\u00e3o avaliados, nem concorrer\u00e3o aos Pr\u00eamios<\/b><\/li>\n<li style=\"font-weight: 400;\" aria-level=\"1\"><span style=\"font-weight: 400;\">Comunica\u00e7\u00e3o dos vencedores: at\u00e9 o dia 10 de mar\u00e7o de 2023 via DM no Instagram.<\/span><\/li>\n<\/ul>\n<p><span style=\"font-weight: 400;\">10. Cada concorrente poder\u00e1 enviar quantos v\u00eddeos quiser para concorrer aos Ingressos oferecidos para os shows de todas as cidades,&nbsp;<\/span><\/p>\n<p><span style=\"font-weight: 400;\">11. Somente ser\u00e3o aceitos v\u00eddeos que preencham todas as condi\u00e7\u00f5es previstas neste regulamento, suportadas por informa\u00e7\u00f5es completas e precisas, realizadas dentro do per\u00edodo e forma descritos neste Regulamento.<\/span><\/p>\n<p><span style=\"font-weight: 400;\">12. Ao final da campanha, ser\u00e1 coletado todo o material postado para um v\u00eddeo de encerramento. <\/span><\/p>\n<p>13. A Tembici e a Embaixada Brit\u00e2nica se reservam no direito de desclassificar participantes que n\u00e3o preencham os requisitos previstos nas disposi\u00e7\u00f5es deste regulamento ou aqueles que publicarem v\u00eddeos ofensivos, n\u00e3o havendo qualquer obriga\u00e7\u00e3o de comunicar os participantes a respeito desta desclassifica\u00e7\u00e3o.&nbsp;<\/p>\n<p><span style=\"font-weight: 400;\">14. A participa\u00e7\u00e3o do Concurso Cultural implica na aceita\u00e7\u00e3o total e irrestrita de todas as cl\u00e1usulas deste Regulamento.&nbsp;<\/span><\/p>\n<p><span style=\"font-weight: 400;\">15. Toda e qualquer situa\u00e7\u00e3o n\u00e3o prevista neste Regulamento, bem como eventuais casos omissos, ser\u00e3o decididos exclusivamente pelos organizadores do Concurso Cultural, sempre com o suporte da \u00e1rea Jur\u00eddica do Grupo Tembici.&nbsp;<\/span><\/p>\n<p><span style=\"font-weight: 400;\">16. Os vencedores autorizam, desde j\u00e1, o uso gratuito de sua imagem em qualquer tipo de m\u00eddia e pe\u00e7as promocionais, para a divulga\u00e7\u00e3o do Concurso Cultural, existente ou ainda a ser criado, sem qualquer \u00f4nus para a Tembici.<\/span><\/p>\t\t\t\t\t\t\t\t<\/div>\n\t\t\t\t<\/div>\n\t\t\t\t\t<\/div>\n\t\t<\/div>\n\t\t\t\t\t<\/div>\n\t\t<\/section>\n\t\t\t\t<\/div>\n\t\t","protected":false},"excerpt":{"rendered":"<p>Regulamento Concurso Cultural \u201cGoing to Coldplay Net Zero\u201d Este \u00e9 um Concurso Cultural (&#8220;Concurso&#8221;) realizado pela M2 Solu\u00e7\u00f5es em Engenharia LTDA (\u201cTembici\u201d), de car\u00e1ter exclusivamente cultural, n\u00e3o vinculado \u00e0 aquisi\u00e7\u00e3o ou uso de qualquer bem ou direito. Leia atentamente todo o conte\u00fado deste regulamento antes de fazer o passo a passo para concorrer e n\u00e3o [&hellip;]<\/p>\n","protected":false},"author":24,"featured_media":0,"parent":0,"menu_order":0,"comment_status":"closed","ping_status":"closed","template":"","meta":{"_acf_changed":false,"footnotes":""},"class_list":["post-38776","page","type-page","status-publish","hentry"],"acf":[],"_links":{"self":[{"href":"https:\/\/www.tembici.com.br\/pt\/wp-json\/wp\/v2\/pages\/38776","targetHints":{"allow":["GET"]}}],"collection":[{"href":"https:\/\/www.tembici.com.br\/pt\/wp-json\/wp\/v2\/pages"}],"about":[{"href":"https:\/\/www.tembici.com.br\/pt\/wp-json\/wp\/v2\/types\/page"}],"author":[{"embeddable":true,"href":"https:\/\/www.tembici.com.br\/pt\/wp-json\/wp\/v2\/users\/24"}],"replies":[{"embeddable":true,"href":"https:\/\/www.tembici.com.br\/pt\/wp-json\/wp\/v2\/comments?post=38776"}],"version-history":[{"count":7,"href":"https:\/\/www.tembici.com.br\/pt\/wp-json\/wp\/v2\/pages\/38776\/revisions"}],"predecessor-version":[{"id":38785,"href":"https:\/\/www.tembici.com.br\/pt\/wp-json\/wp\/v2\/pages\/38776\/revisions\/38785"}],"wp:attachment":[{"href":"https:\/\/www.tembici.com.br\/pt\/wp-json\/wp\/v2\/media?parent=38776"}],"curies":[{"name":"wp","href":"https:\/\/api.w.org\/{rel}","templated":true}]}}